{"id":130,"date":"2019-02-21T12:48:11","date_gmt":"2019-02-21T15:48:11","guid":{"rendered":"http:\/\/opi.fcejs.unsl.edu.ar\/?page_id=130"},"modified":"2019-02-21T12:48:11","modified_gmt":"2019-02-21T15:48:11","slug":"mision","status":"publish","type":"page","link":"https:\/\/opi.fcejs.unsl.edu.ar\/index.php\/mision\/","title":{"rendered":"Misi\u00f3n"},"content":{"rendered":"<p>La <strong>Oficina de Propiedad Intelectual<\/strong> brinda un servicio profesional de asesoramiento, formaci\u00f3n y gesti\u00f3n en materia de propiedad intelectual en la Universidad Nacional de San Luis.<br \/>\nLa UNSL cuenta con una importante actividad de generaci\u00f3n de conocimientos a trav\u00e9s de la investigaci\u00f3n cient\u00edfica y el desarrollo tecnol\u00f3gico en las distintas \u00e1reas disciplinarias, cuyos resultados, carecen de una adecuada protecci\u00f3n y es responsabilidad de la instituci\u00f3n brindar los recursos necesarios a esos fines.<\/p>\n<p>En este contexto y ante el reconocimiento de la importancia que tiene la gesti\u00f3n eficiente de los activos de propiedad intelectual, como as\u00ed tambi\u00e9n, la promoci\u00f3n de conocimiento desarrollado por la universidad, se cre\u00f3 la Oficina de Propiedad Intelectual (OPI).<\/p>\n<p><strong>Normativa UNSL<\/strong><br \/>\n<strong> Ordenanzas<\/strong><\/p>\n<ul>\n<li><a href=\"http:\/\/opi.fcejs.unsl.edu.ar\/wp-content\/uploads\/2019\/02\/OCS-1216.-Creacion-de-la-Oficina-de-Propiedad-Intelectual.pdf\">OCS 1216. Creaci\u00f3n de la Oficina de Propiedad Intelectual<\/a><\/li>\n<li><a href=\"http:\/\/opi.fcejs.unsl.edu.ar\/wp-content\/uploads\/2019\/02\/OCS-51-16-Reglamento-de-la-OPI.pdf\">OCS 51\/16. Reglamento de la OPI<\/a><\/li>\n<\/ul>\n<p><strong>Legislaci\u00f3n Nacional<\/strong><\/p>\n<ul>\n<li><a href=\"http:\/\/opi.fcejs.unsl.edu.ar\/wp-content\/uploads\/2019\/02\/Ley-11.723-de-la-Propiedad-Intelectual.pdf\">Ley 11.723 de la Propiedad Intelectual<\/a><\/li>\n<li><a href=\"http:\/\/opi.fcejs.unsl.edu.ar\/wp-content\/uploads\/2019\/02\/Ley-22.362-de-Marcas-y-Designaciones.pdf\">Ley 22.362 de Marcas y Designaciones<\/a><\/li>\n<li><a href=\"http:\/\/opi.fcejs.unsl.edu.ar\/wp-content\/uploads\/2019\/02\/Ley-25.036-de-Software-Ley-24.481-de-Patentes-y-Modelos-de-Utilidad-Dto.pdf\">Ley 25.036 de Software Ley 24.481 de Patentes y Modelos de Utilidad Dto.<\/a><\/li>\n<li><a href=\"http:\/\/opi.fcejs.unsl.edu.ar\/wp-content\/uploads\/2019\/02\/Ley-6673-de-Modelos-y-Disenos-Industriales.pdf\">Ley 6673 de Modelos y Dise\u00f1os Industriales<\/a><\/li>\n<\/ul>\n","protected":false},"excerpt":{"rendered":"<p>La Oficina de Propiedad Intelectual brinda un servicio profesional de asesoramiento, formaci\u00f3n y gesti\u00f3n en materia de propiedad intelectual en la Universidad Nacional de San&hellip;<\/p>\n","protected":false},"author":1,"featured_media":131,"parent":0,"menu_order":0,"comment_status":"closed","ping_status":"closed","template":"","meta":{"om_disable_all_campaigns":false,"_exactmetrics_skip_tracking":false,"_exactmetrics_sitenote_active":false,"_exactmetrics_sitenote_note":"","_exactmetrics_sitenote_category":0,"_uf_show_specific_survey":0,"_uf_disable_surveys":false,"footnotes":""},"class_list":["post-130","page","type-page","status-publish","has-post-thumbnail","hentry"],"_links":{"self":[{"href":"https:\/\/opi.fcejs.unsl.edu.ar\/index.php\/wp-json\/wp\/v2\/pages\/130","targetHints":{"allow":["GET"]}}],"collection":[{"href":"https:\/\/opi.fcejs.unsl.edu.ar\/index.php\/wp-json\/wp\/v2\/pages"}],"about":[{"href":"https:\/\/opi.fcejs.unsl.edu.ar\/index.php\/wp-json\/wp\/v2\/types\/page"}],"author":[{"embeddable":true,"href":"https:\/\/opi.fcejs.unsl.edu.ar\/index.php\/wp-json\/wp\/v2\/users\/1"}],"replies":[{"embeddable":true,"href":"https:\/\/opi.fcejs.unsl.edu.ar\/index.php\/wp-json\/wp\/v2\/comments?post=130"}],"version-history":[{"count":0,"href":"https:\/\/opi.fcejs.unsl.edu.ar\/index.php\/wp-json\/wp\/v2\/pages\/130\/revisions"}],"wp:featuredmedia":[{"embeddable":true,"href":"https:\/\/opi.fcejs.unsl.edu.ar\/index.php\/wp-json\/wp\/v2\/media\/131"}],"wp:attachment":[{"href":"https:\/\/opi.fcejs.unsl.edu.ar\/index.php\/wp-json\/wp\/v2\/media?parent=130"}],"curies":[{"name":"wp","href":"https:\/\/api.w.org\/{rel}","templated":true}]}}