{"id":171,"date":"2019-02-21T13:22:53","date_gmt":"2019-02-21T16:22:53","guid":{"rendered":"http:\/\/opi.fcejs.unsl.edu.ar\/?page_id=171"},"modified":"2024-08-05T14:48:20","modified_gmt":"2024-08-05T14:48:20","slug":"servicios","status":"publish","type":"page","link":"https:\/\/opi.fcejs.unsl.edu.ar\/index.php\/servicios\/","title":{"rendered":"Servicios"},"content":{"rendered":"<p><strong>\u00bfQu\u00e9 servicios presta la OPI?<\/strong><\/p>\n<p>Asesorar sobre la determinaci\u00f3n del valor potencial de los conocimientos cient\u00edficos y t\u00e9cnicos y su eventual protecci\u00f3n mediante derechos de propiedad intelectual.<\/p>\n<p>Brindar capacitaciones a investigadores y usuarios.<\/p>\n<p>Gestionar y tramitar la protecci\u00f3n de los diversos derechos de propiedad intelectual e industrial:<\/p>\n<ul>\n<li>Solicitud de ISBN, ISSN, ISAN, ISMN, ISRC.<\/li>\n<li>Dep\u00f3sito y registro de obras ante la Direcci\u00f3n Nacional del Derecho de Autor (DNDA)<\/li>\n<li>Registro de marcas, patentes y modelos de utilidad, modelos y dise\u00f1os industriales ante el Instituto Nacional de Propiedad Industrial (INPI)<\/li>\n<li>Licencias y cesiones de derechos de propiedad intelectual.<\/li>\n<\/ul>\n<p><strong>FORMULARIO DE INVENCI\u00d3N (FDI)<\/strong><\/p>\n<p>Este servicio tiene por objetivo obtener la informaci\u00f3n necesaria para determinar la viabilidad de proteger las creaciones intelectuales generadas por los investigadores de la Universidad Nacional de San Luis.<\/p>\n<p>El formulario se descarga aqu\u00ed y luego se remite por correo electr\u00f3nico a <a href=\"mailto:propiedadintelectualunsl@gmail.com\">propiedadintelectualunsl@gmail.com<\/a><\/p>\n<p style=\"text-align: center;\"><a href=\"http:\/\/opi.fcejs.unsl.edu.ar\/wp-content\/uploads\/2019\/02\/Formulario_de_propiedad_intelectual.docx\" target=\"_blank\" rel=\"noopener\">Formulario de Propiedad Intelectual<\/a><\/p>\n<p style=\"text-align: center;\"><a href=\"http:\/\/opi.fcejs.unsl.edu.ar\/wp-content\/uploads\/2019\/02\/INSTRUCTIVO-OPI-2019.pdf\" target=\"_blank\" rel=\"noopener\">Instructivo<\/a><\/p>\n","protected":false},"excerpt":{"rendered":"<p>\u00bfQu\u00e9 servicios presta la OPI? Asesorar sobre la determinaci\u00f3n del valor potencial de los conocimientos cient\u00edficos y t\u00e9cnicos y su eventual protecci\u00f3n mediante derechos de&hellip;<\/p>\n","protected":false},"author":1,"featured_media":570,"parent":0,"menu_order":0,"comment_status":"closed","ping_status":"closed","template":"","meta":{"om_disable_all_campaigns":false,"_exactmetrics_skip_tracking":false,"_exactmetrics_sitenote_active":false,"_exactmetrics_sitenote_note":"","_exactmetrics_sitenote_category":0,"_uf_show_specific_survey":0,"_uf_disable_surveys":false,"footnotes":""},"class_list":["post-171","page","type-page","status-publish","has-post-thumbnail","hentry"],"_links":{"self":[{"href":"https:\/\/opi.fcejs.unsl.edu.ar\/index.php\/wp-json\/wp\/v2\/pages\/171","targetHints":{"allow":["GET"]}}],"collection":[{"href":"https:\/\/opi.fcejs.unsl.edu.ar\/index.php\/wp-json\/wp\/v2\/pages"}],"about":[{"href":"https:\/\/opi.fcejs.unsl.edu.ar\/index.php\/wp-json\/wp\/v2\/types\/page"}],"author":[{"embeddable":true,"href":"https:\/\/opi.fcejs.unsl.edu.ar\/index.php\/wp-json\/wp\/v2\/users\/1"}],"replies":[{"embeddable":true,"href":"https:\/\/opi.fcejs.unsl.edu.ar\/index.php\/wp-json\/wp\/v2\/comments?post=171"}],"version-history":[{"count":1,"href":"https:\/\/opi.fcejs.unsl.edu.ar\/index.php\/wp-json\/wp\/v2\/pages\/171\/revisions"}],"predecessor-version":[{"id":669,"href":"https:\/\/opi.fcejs.unsl.edu.ar\/index.php\/wp-json\/wp\/v2\/pages\/171\/revisions\/669"}],"wp:featuredmedia":[{"embeddable":true,"href":"https:\/\/opi.fcejs.unsl.edu.ar\/index.php\/wp-json\/wp\/v2\/media\/570"}],"wp:attachment":[{"href":"https:\/\/opi.fcejs.unsl.edu.ar\/index.php\/wp-json\/wp\/v2\/media?parent=171"}],"curies":[{"name":"wp","href":"https:\/\/api.w.org\/{rel}","templated":true}]}}