{"id":28,"date":"2019-02-19T13:12:35","date_gmt":"2019-02-19T16:12:35","guid":{"rendered":"http:\/\/opi.fcejs.unsl.edu.ar\/?page_id=28"},"modified":"2024-08-05T14:49:10","modified_gmt":"2024-08-05T14:49:10","slug":"institucional","status":"publish","type":"page","link":"https:\/\/opi.fcejs.unsl.edu.ar\/index.php\/institucional\/","title":{"rendered":"Institucional"},"content":{"rendered":"<p style=\"text-align: center;\"><strong>Coordinador General\u00a0 de la OPI<\/strong><\/p>\n<p style=\"text-align: center;\">Doctor Eduardo Ra\u00fal Bertr\u00e9s<\/p>\n<p style=\"text-align: center;\"><strong>Abogado Especializado<\/strong><\/p>\n<p style=\"text-align: center;\">Abg. Carlos D\u00edaz<\/p>\n<p style=\"text-align: center;\"><strong>Investigador de Trayectoria<\/strong><\/p>\n<p style=\"text-align: center;\">Dra. Marta Juli\u00e1<\/p>\n<p style=\"text-align: center;\"><strong>Gesti\u00f3n<\/strong><\/p>\n<p style=\"text-align: center;\">Gisella Ochoa<\/p>\n<p style=\"text-align: left;\"><strong>Atenci\u00f3n al p\u00fablico<\/strong><\/p>\n<p style=\"text-align: left;\">La oficina se encuentra ubicada en el Edificio de la Escuela de Econom\u00eda, Negocios y Transferencia Tecnol\u00f3gica, Pescadores N\u00ba 314, de la ciudad de Villa Mercedes. Atiende de lunes a viernes de 8:30 a 13hs.<\/p>\n<p style=\"text-align: left;\">Email: <a href=\"mailto:propiedadintelectualunsl@gmail.com\">propiedadintelectualunsl@gmail.com<\/a><\/p>\n","protected":false},"excerpt":{"rendered":"<p>Coordinador General\u00a0 de la OPI Doctor Eduardo Ra\u00fal Bertr\u00e9s Abogado Especializado Abg. Carlos D\u00edaz Investigador de Trayectoria Dra. Marta Juli\u00e1 Gesti\u00f3n Gisella Ochoa Atenci\u00f3n al&hellip;<\/p>\n","protected":false},"author":1,"featured_media":141,"parent":0,"menu_order":0,"comment_status":"closed","ping_status":"closed","template":"","meta":{"om_disable_all_campaigns":false,"_exactmetrics_skip_tracking":false,"_exactmetrics_sitenote_active":false,"_exactmetrics_sitenote_note":"","_exactmetrics_sitenote_category":0,"_uf_show_specific_survey":0,"_uf_disable_surveys":false,"footnotes":""},"class_list":["post-28","page","type-page","status-publish","has-post-thumbnail","hentry"],"_links":{"self":[{"href":"https:\/\/opi.fcejs.unsl.edu.ar\/index.php\/wp-json\/wp\/v2\/pages\/28","targetHints":{"allow":["GET"]}}],"collection":[{"href":"https:\/\/opi.fcejs.unsl.edu.ar\/index.php\/wp-json\/wp\/v2\/pages"}],"about":[{"href":"https:\/\/opi.fcejs.unsl.edu.ar\/index.php\/wp-json\/wp\/v2\/types\/page"}],"author":[{"embeddable":true,"href":"https:\/\/opi.fcejs.unsl.edu.ar\/index.php\/wp-json\/wp\/v2\/users\/1"}],"replies":[{"embeddable":true,"href":"https:\/\/opi.fcejs.unsl.edu.ar\/index.php\/wp-json\/wp\/v2\/comments?post=28"}],"version-history":[{"count":1,"href":"https:\/\/opi.fcejs.unsl.edu.ar\/index.php\/wp-json\/wp\/v2\/pages\/28\/revisions"}],"predecessor-version":[{"id":670,"href":"https:\/\/opi.fcejs.unsl.edu.ar\/index.php\/wp-json\/wp\/v2\/pages\/28\/revisions\/670"}],"wp:featuredmedia":[{"embeddable":true,"href":"https:\/\/opi.fcejs.unsl.edu.ar\/index.php\/wp-json\/wp\/v2\/media\/141"}],"wp:attachment":[{"href":"https:\/\/opi.fcejs.unsl.edu.ar\/index.php\/wp-json\/wp\/v2\/media?parent=28"}],"curies":[{"name":"wp","href":"https:\/\/api.w.org\/{rel}","templated":true}]}}